{"id":274,"date":"2024-07-03T21:15:17","date_gmt":"2024-07-03T21:15:17","guid":{"rendered":"https:\/\/voiletetreault.ca\/index.php\/cours-speciaux\/"},"modified":"2024-07-05T18:13:33","modified_gmt":"2024-07-05T18:13:33","slug":"cours-speciaux","status":"publish","type":"page","link":"https:\/\/voiletetreault.ca\/index.php\/cours-speciaux\/","title":{"rendered":"Cours-Sp\u00e9ciaux"},"content":{"rendered":"\n    \n    <section class=\"u-align-left u-clearfix u-image u-shading u-section-2\" src=\"\" data-image-width=\"1635\" data-image-height=\"1080\" id=\"sec-ac73\" style=\"background-image: linear-gradient(0deg, rgba(0, 0, 0, 0.05), rgba(0, 0, 0, 0.05)), url(&quot;https:\/\/voiletetreault.ca\/wp-content\/uploads\/2024\/07\/DSC00425_CROP.jpg&quot;);\">\n      <div class=\"u-clearfix u-sheet u-sheet-1\">\n        <h1 class=\"u-text u-text-default u-title u-text-1\">Cours de voile<\/h1>\n        <h2 class=\"u-subtitle u-text u-text-2\">Cours sp\u00e9ciaux<\/h2>\n      <\/div>\n    <\/section>\n    <section class=\"u-align-center u-clearfix u-section-3\" id=\"sec-82ae\">\n      <div class=\"u-clearfix u-sheet u-valign-bottom u-sheet-1\">\n        <p class=\"u-large-text u-text u-text-default u-text-variant u-text-1\"> L'\u00e9cole de voile offre sur r\u00e9servation et selon la disponibilit\u00e9 des instructeurs une panoplie de cours sp\u00e9ciaux en voile l\u00e9g\u00e8re et croisi\u00e8re.<\/p>\n      <\/div>\n    <\/section>\n    <section class=\"u-align-left u-clearfix u-section-4\" id=\"sec-f896\">\n      <div class=\"u-clearfix u-sheet u-sheet-1\">\n        <div class=\"fr-view u-clearfix u-rich-text u-text u-text-1\">\n          <div class=\"fr-wrapper\" dir=\"auto\">\n            <div class=\"fr-element fr-view\" dir=\"auto\" spellcheck=\"true\">\n              <div class=\"fr-wrapper\" dir=\"auto\">\n                <div class=\"fr-element fr-view\" dir=\"auto\" spellcheck=\"true\">\n                  <h2 style=\"text-align: left;\">\n                    <span style=\"font-size: 3rem;\">\n                      <span class=\"u-text-palette-3-base\">Programme d\u00e9couverte de la voile (2h)<\/span>\n                    <\/span>\n                  <\/h2>\n                  <p id=\"isPasted\">Formation de sensibilisation \u00e0 la voile avec un instructeur pour d\u00e9couvrir la voile et participer aux man\u0153uvres .<\/p>\n                  <p>Dur\u00e9e : 2 heures sur l'eau en d\u00e9riveur ou en quillard, sur r\u00e9servation.<\/p>\n                <\/div>\n              <\/div>\n              <div class=\"fr-second-toolbar\">\n                <br>\n              <\/div>\n              <div class=\"fr-quick-insert\" style=\"top: -9999px; left: -9999px;\">\n                <a class=\"fr-floating-btn\" tabindex=\"-1\" title=\"Quick Insert\"><\/a>\n              <\/div>\n            <\/div>\n          <\/div>\n          <div class=\"fr-second-toolbar\">\n            <br>\n          <\/div>\n        <\/div>\n      <\/div>\n    <\/section>\n    <section class=\"u-align-left u-clearfix u-section-5\" id=\"carousel_9fa4\">\n      <div class=\"u-clearfix u-sheet u-sheet-1\">\n        <div class=\"fr-view u-clearfix u-rich-text u-text u-text-1\">\n          <div class=\"fr-wrapper\" dir=\"auto\">\n            <div class=\"fr-element fr-view\" dir=\"auto\" spellcheck=\"true\">\n              <div class=\"fr-wrapper\" dir=\"auto\">\n                <div class=\"fr-element fr-view\" dir=\"auto\" spellcheck=\"true\">\n                  <div class=\"fr-wrapper\" dir=\"auto\">\n                    <div class=\"fr-element fr-view\" dir=\"auto\" spellcheck=\"true\" style=\"line-height: 1.2;\">\n                      <h2>\n                        <span class=\"u-text-palette-1-base\" style=\"font-size: 3rem;\">Programmes compl\u00e9mentaires optionnels<\/span>\n                      <\/h2>Ces deux programmes de transition sont offerts uniquement aux personnes qui ont suivis pr\u00e9alablement une formation d'initiation compl\u00e8te \u00e0 l'\u00e9cole de voile Gilles T\u00e9treault.<br>\n                      <br>\n                      <h3>D\u00e9riveur\/quillard<\/h3>1 journ\u00e9e de formation suppl\u00e9mentaire sur quillard est ajout\u00e9e \u00e0 notre cours d'initiation sur d\u00e9riveur.<br>\n                      <br>\n                      <h3>Quillard\/d\u00e9riveur<\/h3>1 journ\u00e9e de formation suppl\u00e9mentaire sur d\u00e9riveur est ajout\u00e9e \u00e0 notre cours d'initiation \u00e0 la voile croisi\u00e8re sur quillard. \n                    <\/div>\n                    <p>\n                      <br>\n                    <\/p>\n                    <p>\n                      <br>\n                    <\/p>\n                  <\/div>\n                <\/div>\n              <\/div>\n              <div class=\"fr-second-toolbar\">\n                <br>\n              <\/div>\n            <\/div>\n          <\/div>\n          <div class=\"fr-second-toolbar\">\n            <br>\n          <\/div>\n          <div class=\"fr-quick-insert\" style=\"top: -9999px; left: -9999px;\">\n            <a class=\"fr-floating-btn\" tabindex=\"-1\" title=\"Quick Insert\"><\/a>\n          <\/div>\n        <\/div>\n      <\/div>\n    <\/section>\n    <section class=\"u-align-left u-clearfix u-section-6\" id=\"carousel_df21\">\n      <div class=\"u-clearfix u-sheet u-sheet-1\">\n        <div class=\"fr-view u-clearfix u-rich-text u-text u-text-1\">\n          <div class=\"fr-wrapper\" dir=\"auto\">\n            <div class=\"fr-element fr-view\" dir=\"auto\" spellcheck=\"true\">\n              <div class=\"fr-wrapper\" dir=\"auto\">\n                <div class=\"fr-element fr-view\" dir=\"auto\" spellcheck=\"true\">\n                  <div class=\"fr-wrapper\" dir=\"auto\">\n                    <div class=\"fr-element fr-view\" dir=\"auto\" spellcheck=\"true\">\n                      <h2>\n                        <span style=\"font-size: 3rem;\">&nbsp;<span class=\"u-text-palette-2-base\">Cours priv\u00e9 ou semi priv\u00e9<\/span>&nbsp;\n                        <\/span>\n                      <\/h2>\n                      <p id=\"isPasted\" style=\"line-height: 1.2;\">\n                        <span style=\"font-weight: 700;\">Nos cours priv\u00e9s sont offerts \u00e0 toute personne ayant des connaissances de voile de base.<\/span>\n                      <\/p>\n                      <p style=\"line-height: 1.2;\">Sur d\u00e9riveur ou quillard pour parfaire vos connaissances avec un instructeur sur des man\u0153uvres sp\u00e9cifiques telles que: Raffinement de man\u0153uvres de base, mise \u00e0 niveau en vue d'une certification, manoeuvres \u00e0 moteur.<\/p>\n                      <p style=\"line-height: 1.2;\">Cours priv\u00e9 (1 participant) ou semi-priv\u00e9 (2 participants)<\/p>\n                      <p style=\"line-height: 1.2;\">Dur\u00e9e : 4 heures, sur r\u00e9servation.<\/p>\n                    <\/div>\n                  <\/div>\n                  <div class=\"fr-second-toolbar\">\n                    <br>\n                  <\/div>\n                  <div class=\"fr-quick-insert\" style=\"top: -9999px; left: -9999px;\">\n                    <a class=\"fr-floating-btn\" tabindex=\"-1\" title=\"Quick Insert\"><\/a>\n                  <\/div>\n                <\/div>\n              <\/div>\n              <div class=\"fr-second-toolbar\">\n                <br>\n              <\/div>\n            <\/div>\n          <\/div>\n          <div class=\"fr-second-toolbar\">\n            <br>\n          <\/div>\n          <div class=\"fr-quick-insert\" style=\"top: -9999px; left: -9999px;\">\n            <a class=\"fr-floating-btn\" tabindex=\"-1\" title=\"Quick Insert\"><\/a>\n          <\/div>\n        <\/div>\n      <\/div>\n    <\/section>\n    <section class=\"u-align-center u-clearfix u-section-7\" id=\"sec-36df\">\n      <div class=\"u-clearfix u-sheet u-sheet-1\">\n        <h2 class=\"u-text u-text-default u-text-1\">Soif d'apprendre ?&nbsp;<\/h2>\n        <a href=\"https:\/\/voiletetreault.ca\/index.php\/cours-tarifs\/\" class=\"u-btn u-button-style u-palette-2-base u-btn-1\">tarifs et conditions<\/a>\n      <\/div>\n    <\/section>\n    \n    \n    \n  \n","protected":false},"excerpt":{"rendered":"<p>Cours de voile Cours sp\u00e9ciaux L&rsquo;\u00e9cole de voile offre sur r\u00e9servation et selon la disponibilit\u00e9 des instructeurs une panoplie de cours sp\u00e9ciaux en voile l\u00e9g\u00e8re et croisi\u00e8re. Programme d\u00e9couverte de la voile (2h) Formation de sensibilisation \u00e0 la voile avec un instructeur pour d\u00e9couvrir la voile et participer aux man\u0153uvres . Dur\u00e9e : 2 heures &hellip; <a href=\"https:\/\/voiletetreault.ca\/index.php\/cours-speciaux\/\" class=\"more-link\">Continue reading<span class=\"screen-reader-text\"> \u00ab\u00a0Cours-Sp\u00e9ciaux\u00a0\u00bb<\/span><\/a><\/p>\n","protected":false},"author":1,"featured_media":0,"parent":0,"menu_order":14,"comment_status":"closed","ping_status":"closed","template":"","meta":{"footnotes":""},"class_list":["post-274","page","type-page","status-publish","hentry"],"_links":{"self":[{"href":"https:\/\/voiletetreault.ca\/index.php\/wp-json\/wp\/v2\/pages\/274","targetHints":{"allow":["GET"]}}],"collection":[{"href":"https:\/\/voiletetreault.ca\/index.php\/wp-json\/wp\/v2\/pages"}],"about":[{"href":"https:\/\/voiletetreault.ca\/index.php\/wp-json\/wp\/v2\/types\/page"}],"author":[{"embeddable":true,"href":"https:\/\/voiletetreault.ca\/index.php\/wp-json\/wp\/v2\/users\/1"}],"replies":[{"embeddable":true,"href":"https:\/\/voiletetreault.ca\/index.php\/wp-json\/wp\/v2\/comments?post=274"}],"version-history":[{"count":3,"href":"https:\/\/voiletetreault.ca\/index.php\/wp-json\/wp\/v2\/pages\/274\/revisions"}],"predecessor-version":[{"id":338,"href":"https:\/\/voiletetreault.ca\/index.php\/wp-json\/wp\/v2\/pages\/274\/revisions\/338"}],"wp:attachment":[{"href":"https:\/\/voiletetreault.ca\/index.php\/wp-json\/wp\/v2\/media?parent=274"}],"curies":[{"name":"wp","href":"https:\/\/api.w.org\/{rel}","templated":true}]}}