{"id":271,"date":"2024-07-03T21:15:14","date_gmt":"2024-07-03T21:15:14","guid":{"rendered":"https:\/\/voiletetreault.ca\/index.php\/cours-deriveurs\/"},"modified":"2024-07-03T21:15:21","modified_gmt":"2024-07-03T21:15:21","slug":"cours-deriveurs","status":"publish","type":"page","link":"https:\/\/voiletetreault.ca\/index.php\/cours-deriveurs\/","title":{"rendered":"Cours &#8211; D\u00e9riveurs"},"content":{"rendered":"\n  \n    <section class=\"u-align-left u-clearfix u-image u-shading u-section-1\" src=\"\" data-image-width=\"1440\" data-image-height=\"1080\" id=\"sec-ff67\" style=\"background-image: linear-gradient(0deg, rgba(0, 0, 0, 0.05), rgba(0, 0, 0, 0.05)), url(&quot;https:\/\/voiletetreault.ca\/wp-content\/uploads\/2024\/07\/Ecolevoileaot2013-2018.jpg&quot;);\">\n      <div class=\"u-clearfix u-sheet u-sheet-1\">\n        <h1 class=\"u-text u-text-default u-title u-text-1\"> Cours de voile<\/h1>\n        <h2 class=\"u-subtitle u-text u-text-2\"> D\u00e9riveur adultes<\/h2>\n      <\/div>\n    <\/section>\n    <section class=\"u-align-left u-clearfix u-palette-3-base u-section-2\" id=\"sec-6177\">\n      <div class=\"u-clearfix u-sheet u-sheet-1\">\n        <div class=\"fr-view u-clearfix u-rich-text u-text u-text-1\">\n          <h2 style=\"text-align: left;\">\n            <span style=\"font-size: 3rem;\">\n              <span class=\"u-text-palette-1-base\">Initiation \u00e0 la voile l\u00e9g\u00e8re sur d\u00e9riveur<\/span>\n            <\/span>\n          <\/h2>\n          <h3 style=\"text-align: left;\">\n            <span style=\"line-height: 2.0;\">Voile CAN I de Voile Canada\/FVQ<\/span>\n          <\/h3>\n          <p id=\"isPasted\">\n            <span style=\"font-weight: 700;\">Aucun pr\u00e9-requis<\/span> (pour d\u00e9butant) formation pratique sur l'eau et th\u00e9orique \u00e0 terre.\n          <\/p>\n          <p>\n            <span style=\"font-weight: 700;\">Dur\u00e9e :<\/span> 21 heures (3 journ\u00e9es compl\u00e8tes, sur semaine ou fin de semaine) Formation ax\u00e9e principalement sur la pratique de la man\u0153uvre (conduite) d'un voilier l\u00e9ger afin de d\u00e9velopper l'autonomie.&nbsp;\n          <\/p>\n          <p>En groupe (minimum de 3 personnes maximum de 4 personnes)<\/p>\n          <p>\n            <span style=\"font-weight: 700;\">Voiliers utilis\u00e9s<\/span>: Solitaire (1 bateau par personne), &nbsp;Double (2 personnes)\n          <\/p>\n          <p>\n            <span style=\"font-weight: 700;\">Nos formation ont \u00e9t\u00e9 adapt\u00e9es en fonction des exigences de la Sant\u00e9 publique en regard de la Covid -19.<\/span>\n          <\/p>\n          <h3>Contenu du cours<\/h3>\n          <ul>\n            <li>Matelotage et gr\u00e9ement<\/li>\n            <li>Terminologie de la voile<\/li>\n            <li>Th\u00e9orie de la voile<\/li>\n            <li>S\u00e9curit\u00e9 nautique<\/li>\n            <li>Techniques de d\u00e9part et de retour d'une plage<\/li>\n            <li>Explications, d\u00e9monstrations et exercices sur l'eau des diff\u00e9rentes allures<\/li>\n            <li>Virement de bord et empannage<\/li>\n            <li>Chavirage s\u00e9curitaire<\/li>\n            <li>Pratique de toutes les man\u0153uvres sur l'eau en solitaire et parfois en double<\/li>\n            <li>M\u00e9t\u00e9o de base<\/li>\n            <li>Entretien du bateau et des voiles<\/li>\n            <li>Conseils pratiques pour l'achat d'un voilier<\/li>\n            <li>\u00c9valuation pratique<\/li>\n          <\/ul>\n          <h3>Documentation incluse<\/h3>\n          <ul>\n            <li>Notes de cours<\/li>\n            <li>Travail de r\u00e9vision \u00e0 compl\u00e9ter \u00e0 la maison &nbsp;&nbsp;<\/li>\n            <li>Certificat attestant du niveau atteint<\/li>\n          <\/ul>\n          <h3>Certification possible<\/h3>\n          <p>Voile CAN-I ou Voile CAN-II (FVQ\/VOILE CANADA) selon le &nbsp;niveau atteint apr\u00e8s la formation de 3 jours.<\/p>\n          <p>\n            <br>\n          <\/p>\n          <p>\n            <br>\n          <\/p>\n          <p>\n            <br>\n          <\/p>\n        <\/div>\n      <\/div>\n    <\/section>\n    <section class=\"u-align-center u-clearfix u-section-3\" id=\"sec-2b2f\">\n      <div class=\"u-clearfix u-sheet u-sheet-1\">\n        <h2 class=\"u-text u-text-default u-text-1\">Une activit\u00e9 rafra\u00eechissante !<\/h2>\n        <a href=\"https:\/\/voiletetreault.ca\/index.php\/cours-tarifs\/#sec-e76a\" class=\"u-border-none u-btn u-button-style u-btn-1\">Tarifs et conditions<\/a>\n      <\/div>\n    <\/section>\n    \n    \n    \n    \n  \n","protected":false},"excerpt":{"rendered":"<p>Cours de voile D\u00e9riveur adultes Initiation \u00e0 la voile l\u00e9g\u00e8re sur d\u00e9riveur Voile CAN I de Voile Canada\/FVQ Aucun pr\u00e9-requis (pour d\u00e9butant) formation pratique sur l&rsquo;eau et th\u00e9orique \u00e0 terre. Dur\u00e9e : 21 heures (3 journ\u00e9es compl\u00e8tes, sur semaine ou fin de semaine) Formation ax\u00e9e principalement sur la pratique de la man\u0153uvre (conduite) d&rsquo;un voilier &hellip; <a href=\"https:\/\/voiletetreault.ca\/index.php\/cours-deriveurs\/\" class=\"more-link\">Continue reading<span class=\"screen-reader-text\"> \u00ab\u00a0Cours &#8211; D\u00e9riveurs\u00a0\u00bb<\/span><\/a><\/p>\n","protected":false},"author":1,"featured_media":0,"parent":0,"menu_order":11,"comment_status":"closed","ping_status":"closed","template":"","meta":{"footnotes":""},"class_list":["post-271","page","type-page","status-publish","hentry"],"_links":{"self":[{"href":"https:\/\/voiletetreault.ca\/index.php\/wp-json\/wp\/v2\/pages\/271","targetHints":{"allow":["GET"]}}],"collection":[{"href":"https:\/\/voiletetreault.ca\/index.php\/wp-json\/wp\/v2\/pages"}],"about":[{"href":"https:\/\/voiletetreault.ca\/index.php\/wp-json\/wp\/v2\/types\/page"}],"author":[{"embeddable":true,"href":"https:\/\/voiletetreault.ca\/index.php\/wp-json\/wp\/v2\/users\/1"}],"replies":[{"embeddable":true,"href":"https:\/\/voiletetreault.ca\/index.php\/wp-json\/wp\/v2\/comments?post=271"}],"version-history":[{"count":1,"href":"https:\/\/voiletetreault.ca\/index.php\/wp-json\/wp\/v2\/pages\/271\/revisions"}],"predecessor-version":[{"id":286,"href":"https:\/\/voiletetreault.ca\/index.php\/wp-json\/wp\/v2\/pages\/271\/revisions\/286"}],"wp:attachment":[{"href":"https:\/\/voiletetreault.ca\/index.php\/wp-json\/wp\/v2\/media?parent=271"}],"curies":[{"name":"wp","href":"https:\/\/api.w.org\/{rel}","templated":true}]}}