{"id":269,"date":"2024-07-03T21:15:12","date_gmt":"2024-07-03T21:15:12","guid":{"rendered":"https:\/\/voiletetreault.ca\/index.php\/cours-inscription\/"},"modified":"2024-07-03T21:15:21","modified_gmt":"2024-07-03T21:15:21","slug":"cours-inscription","status":"publish","type":"page","link":"https:\/\/voiletetreault.ca\/index.php\/cours-inscription\/","title":{"rendered":"Cours &#8211; Inscription"},"content":{"rendered":"\n  \n    <section class=\"u-align-left u-clearfix u-image u-shading u-section-1\" src=\"\" data-image-width=\"1440\" data-image-height=\"1080\" id=\"sec-ff67\" style=\"background-image: linear-gradient(0deg, rgba(0, 0, 0, 0.05), rgba(0, 0, 0, 0.05)), url(&quot;https:\/\/voiletetreault.ca\/wp-content\/uploads\/2024\/07\/essaie2t15013.jpg&quot;);\">\n      <div class=\"u-clearfix u-sheet u-sheet-1\">\n        <h1 class=\"u-text u-text-default u-title u-text-1\">Cours de voile<\/h1>\n        <h2 class=\"u-subtitle u-text u-text-2\">Inscription et \u00e9quipement<\/h2>\n      <\/div>\n    <\/section>\n    <section class=\"u-align-left u-clearfix u-palette-1-base u-section-2\" id=\"sec-bb5d\">\n      <div class=\"u-clearfix u-sheet u-sheet-1\">\n        <div class=\"fr-view u-clearfix u-rich-text u-text u-text-1\">\n          <h1>\n            <span style=\"line-height: 2.0;\">\n              <span class=\"u-text-white\">Comment s'inscrire<\/span>\n            <\/span>\n          <\/h1>\n          <p id=\"isPasted\">\n            <span style=\"font-weight: 700;\">Pour vous inscrire \u00e0 l'un de nos cours de voile, veuillez avant tout communiquer avec nous pour v\u00e9rifier la disponibilit\u00e9 du cours et des dates qui vous int\u00e9ressent.<\/span>\n          <\/p>\n          <p>Pour r\u00e9server une place sur l'un de nos cours, nous exigeons un d\u00e9p\u00f4t de r\u00e9servation de 150$ par personne, non remboursable en cas d'annulation de la part du participant.<\/p>\n          <p>Vous pouvez&nbsp;vous inscrire rapidement&nbsp;en communiquant avec nous&nbsp;par t\u00e9l\u00e9phone, nous vous demanderons alors un num\u00e9ro de carte de cr\u00e9dit pour confirmer votre r\u00e9servation.<\/p>\n          <p>Une confirmation d'inscription vous sera envoy\u00e9e par courriel dans les jours suivants .<\/p>\n          <p>Bien entendu, vous pouvez aussi venir nous rencontrer sur place pour vous inscrire, nous compl\u00e9terons avec plaisir la documentation avec vous.<\/p>\n          <p>Nous acceptons les paiements comptant, par ch\u00e8que ou par cartes de cr\u00e9dit Visa et Mastercard &nbsp; &nbsp; &nbsp;<\/p>\n          <p>\n            <br>\n          <\/p>\n          <h1>\n            <span class=\"u-text-white\">\u00c9quipement fournie par l'\u00e9cole<\/span>\n          <\/h1>\n          <p id=\"isPasted\">\n            <span style=\"font-weight: 700;\">Pour le cours de voile croisi\u00e8re sur quillard<\/span>, nous vous fournirons bien entendu le voilier, les notes de cours, le livret de certification ainsi que l'\u00e9quipement de s\u00e9curit\u00e9 n\u00e9cessaire. Vous devrez apporter des v\u00eatements chauds et imperm\u00e9ables (manteau et pantalon) ainsi que des v\u00eatements pour vous changer et des chaussures \u00e0 semelles p\u00e2les (non marquantes). &nbsp; &nbsp; &nbsp; &nbsp; &nbsp;\n          <\/p>\n          <p>\n            <span style=\"font-weight: 700;\">Pour le cours de voile l\u00e9g\u00e8re sur d\u00e9riveur<\/span>, nous vous fournirons tout l'\u00e9quipement n\u00e9cessaire : Voilier, notes de cours, gilet de sauvetage, combinaison isothermique (Wet-Suit). Vous devrez apportez des v\u00eatements et des espadrilles que vous pourrez mouiller ainsi qu'un coupe vent et un chandail chaud.\n          <\/p>\n        <\/div>\n      <\/div>\n    <\/section>\n    <section class=\"u-align-center u-clearfix u-palette-2-base u-section-3\" id=\"sec-8945\">\n      <div class=\"u-clearfix u-sheet u-sheet-1\">\n        <h5 class=\"u-text u-text-default u-text-1\">POUR INFORMATION ET R\u00c9SERVATION<\/h5>\n        <h1 class=\"u-custom-font u-text u-text-default u-text-2\">\n          <a class=\"u-active-none u-border-none u-btn u-button-link u-button-style u-custom-font u-heading-font u-hover-none u-none u-text-white u-btn-1\" href=\"tel:450-479-6841\">450-479-6841<\/a>\n        <\/h1>\n      <\/div>\n    <\/section>\n    \n    \n    \n    \n  \n","protected":false},"excerpt":{"rendered":"<p>Cours de voile Inscription et \u00e9quipement Comment s&rsquo;inscrire Pour vous inscrire \u00e0 l&rsquo;un de nos cours de voile, veuillez avant tout communiquer avec nous pour v\u00e9rifier la disponibilit\u00e9 du cours et des dates qui vous int\u00e9ressent. Pour r\u00e9server une place sur l&rsquo;un de nos cours, nous exigeons un d\u00e9p\u00f4t de r\u00e9servation de 150$ par personne, &hellip; <a href=\"https:\/\/voiletetreault.ca\/index.php\/cours-inscription\/\" class=\"more-link\">Continue reading<span class=\"screen-reader-text\"> \u00ab\u00a0Cours &#8211; Inscription\u00a0\u00bb<\/span><\/a><\/p>\n","protected":false},"author":1,"featured_media":0,"parent":0,"menu_order":9,"comment_status":"closed","ping_status":"closed","template":"","meta":{"footnotes":""},"class_list":["post-269","page","type-page","status-publish","hentry"],"_links":{"self":[{"href":"https:\/\/voiletetreault.ca\/index.php\/wp-json\/wp\/v2\/pages\/269","targetHints":{"allow":["GET"]}}],"collection":[{"href":"https:\/\/voiletetreault.ca\/index.php\/wp-json\/wp\/v2\/pages"}],"about":[{"href":"https:\/\/voiletetreault.ca\/index.php\/wp-json\/wp\/v2\/types\/page"}],"author":[{"embeddable":true,"href":"https:\/\/voiletetreault.ca\/index.php\/wp-json\/wp\/v2\/users\/1"}],"replies":[{"embeddable":true,"href":"https:\/\/voiletetreault.ca\/index.php\/wp-json\/wp\/v2\/comments?post=269"}],"version-history":[{"count":1,"href":"https:\/\/voiletetreault.ca\/index.php\/wp-json\/wp\/v2\/pages\/269\/revisions"}],"predecessor-version":[{"id":284,"href":"https:\/\/voiletetreault.ca\/index.php\/wp-json\/wp\/v2\/pages\/269\/revisions\/284"}],"wp:attachment":[{"href":"https:\/\/voiletetreault.ca\/index.php\/wp-json\/wp\/v2\/media?parent=269"}],"curies":[{"name":"wp","href":"https:\/\/api.w.org\/{rel}","templated":true}]}}