{"id":267,"date":"2024-07-03T21:15:10","date_gmt":"2024-07-03T21:15:10","guid":{"rendered":"https:\/\/voiletetreault.ca\/index.php\/location-emplacements\/"},"modified":"2024-07-05T18:11:10","modified_gmt":"2024-07-05T18:11:10","slug":"location-emplacements","status":"publish","type":"page","link":"https:\/\/voiletetreault.ca\/index.php\/location-emplacements\/","title":{"rendered":"Location &#8211; Emplacements"},"content":{"rendered":"\n    \n    <section class=\"u-align-left u-clearfix u-image u-shading u-section-2\" src=\"\" data-image-width=\"1747\" data-image-height=\"1080\" id=\"sec-4c13\" style=\"background-image: linear-gradient(0deg, rgba(0, 0, 0, 0.05), rgba(0, 0, 0, 0.05)), url(&quot;https:\/\/voiletetreault.ca\/wp-content\/uploads\/2024\/07\/DSC00399_CROP-30.jpg&quot;);\">\n      <div class=\"u-clearfix u-sheet u-sheet-1\">\n        <h1 class=\"u-text u-text-default u-title u-text-1\">Location d'emplacements<\/h1>\n        <h2 class=\"u-subtitle u-text u-text-2\">Services et tarifs<\/h2>\n      <\/div>\n    <\/section>\n    <section class=\"u-align-center u-clearfix u-section-3\" id=\"sec-ff17\">\n      <div class=\"u-clearfix u-sheet u-sheet-1\">\n        <h2 class=\"u-text u-text-default u-text-1\">\n          <span style=\"font-size: 3rem;\" class=\"u-text-palette-1-base\">Les services offerts<\/span>\n          <span style=\"font-size: 3rem;\">\n            <span class=\"u-text-palette-1-base\"><\/span>\n          <\/span>\n        <\/h2>\n        <p class=\"u-align-left u-text u-text-2\">\n          <span class=\"u-text-black\"> L'\u00e9cole de voile dispose de plusieurs emplacements am\u00e9nag\u00e9s sur le terrain pour l'entreposage \u00e0 sec de d\u00e9riveurs l\u00e9gers et de catamarans jusqu'\u00e0 16 pieds. <\/span>\n          <span class=\"u-text-black\"><\/span>\n        <\/p>\n        <div class=\"u-expanded-width u-list u-list-1\">\n          <div class=\"u-repeater u-repeater-1\">\n            <div class=\"u-align-center u-container-style u-list-item u-repeater-item\">\n              <div class=\"u-container-layout u-similar-container u-container-layout-1\"><span class=\"u-file-icon u-icon u-icon-rounded u-palette-1-base u-spacing-21 u-text-white u-icon-1\"><img decoding=\"async\" src=\"https:\/\/voiletetreault.ca\/wp-content\/uploads\/2024\/07\/ee83a6eb.png\" alt=\"\"><\/span>\n                <p class=\"u-align-center u-text u-text-3\">Acc\u00e8s \u00e0 la plage de mise \u00e0 l'eau.<\/p>\n              <\/div>\n            <\/div>\n            <div class=\"u-align-center u-container-style u-list-item u-repeater-item\">\n              <div class=\"u-container-layout u-similar-container u-container-layout-2\"><span class=\"u-file-icon u-icon u-icon-rounded u-palette-1-base u-spacing-21 u-text-white u-icon-2\"><img decoding=\"async\" src=\"https:\/\/voiletetreault.ca\/wp-content\/uploads\/2024\/07\/a9d176e3.png\" alt=\"\"><\/span>\n                <p class=\"u-align-center u-text u-text-4\"> Acc\u00e8s \u00e0 des chariots de plage pour d\u00e9placer les voiliers et pour la mise \u00e0 l'eau.<\/p>\n              <\/div>\n            <\/div>\n            <div class=\"u-align-center u-container-style u-list-item u-repeater-item\">\n              <div class=\"u-container-layout u-similar-container u-container-layout-3\"><span class=\"u-file-icon u-icon u-icon-rounded u-palette-1-base u-spacing-21 u-text-white u-icon-3\"><img decoding=\"async\" src=\"https:\/\/voiletetreault.ca\/wp-content\/uploads\/2024\/07\/92b5c7b5.png\" alt=\"\"><\/span>\n                <p class=\"u-align-center u-text u-text-5\"> Acc\u00e8s \u00e0 un local de rangement pour les accessoires.<\/p>\n              <\/div>\n            <\/div>\n            <div class=\"u-align-center u-container-style u-list-item u-repeater-item\">\n              <div class=\"u-container-layout u-similar-container u-container-layout-4\"><span class=\"u-file-icon u-icon u-icon-rounded u-palette-1-base u-spacing-21 u-text-white u-icon-4\"><img decoding=\"async\" src=\"https:\/\/voiletetreault.ca\/wp-content\/uploads\/2024\/07\/dee51966.png\" alt=\"\"><\/span>\n                <p class=\"u-align-center u-text u-text-6\"> Acc\u00e8s \u00e0 la salle de bains et \u00e0 l'eau courante.<\/p>\n              <\/div>\n            <\/div>\n            <div class=\"u-align-center u-container-style u-list-item u-repeater-item\">\n              <div class=\"u-container-layout u-similar-container u-container-layout-5\"><span class=\"u-file-icon u-icon u-icon-rounded u-palette-1-base u-spacing-21 u-text-white u-icon-5\"><img decoding=\"async\" src=\"https:\/\/voiletetreault.ca\/wp-content\/uploads\/2024\/07\/d0245798.png\" alt=\"\"><\/span>\n                <p class=\"u-align-center u-text u-text-7\"> Acc\u00e8s aux tables \u00e0 pic-nique.<\/p>\n              <\/div>\n            <\/div>\n            <div class=\"u-align-center u-container-style u-list-item u-repeater-item\">\n              <div class=\"u-container-layout u-similar-container u-container-layout-6\"><span class=\"u-file-icon u-icon u-icon-rounded u-palette-1-base u-spacing-21 u-text-white u-icon-6\"><img decoding=\"async\" src=\"https:\/\/voiletetreault.ca\/wp-content\/uploads\/2024\/07\/865809d4.png\" alt=\"\"><\/span>\n                <p class=\"u-align-center u-text u-text-8\"> Ambiance chaleureuse !<\/p>\n              <\/div>\n            <\/div>\n          <\/div>\n        <\/div>\n      <\/div>\n    <\/section>\n    <section class=\"u-align-center u-clearfix u-section-4\" id=\"sec-9e97\">\n      <div class=\"u-clearfix u-sheet u-sheet-1\">\n        <h2 class=\"u-text u-text-default u-text-palette-1-base u-text-1\">Tarifs pour la saison d'\u00e9t\u00e9<\/h2>\n        <div class=\"u-align-center u-table u-table-responsive u-table-1\">\n          <table class=\"u-table-entity u-table-entity-1\">\n            <colgroup>\n              <col width=\"49.9%\">\n              <col width=\"50.1%\">\n            <\/colgroup>\n            <thead class=\"u-palette-4-base u-table-header u-table-header-1\">\n              <tr style=\"height: 47px;\">\n                <th class=\"u-border-1 u-border-palette-4-base u-table-cell\">D\u00e9riveur<\/th>\n                <th class=\"u-border-1 u-border-palette-4-base u-table-cell\">Catamaran<\/th>\n              <\/tr>\n            <\/thead>\n            <tbody class=\"u-table-body\">\n              <tr style=\"height: 47px;\">\n                <td class=\"u-align-left u-border-1 u-border-grey-30 u-table-cell\">28,00$ \/ pi lin\u00e9aire<\/td>\n                <td class=\"u-border-1 u-border-grey-30 u-table-cell\">33,45$ \/ pi lin\u00e9aire<\/td>\n              <\/tr>\n            <\/tbody>\n          <\/table>\n        <\/div>\n        <p class=\"u-align-left u-text u-text-default u-text-2\"> *Prix minimum: 392,00$ par embarcation<br>Taxes en sus,la p\u00e9riode d'entreposage d'\u00e9t\u00e9 varie du d\u00e9but juin au d\u00e9but octobre.&nbsp;&nbsp;<br>\n        <\/p>\n      <\/div>\n    <\/section>\n    <section class=\"u-align-center u-clearfix u-palette-1-base u-section-5\" id=\"sec-4d6b\">\n      <div class=\"u-clearfix u-sheet u-sheet-1\"><span class=\"u-file-icon u-icon u-text-white u-icon-1\"><img decoding=\"async\" src=\"https:\/\/voiletetreault.ca\/wp-content\/uploads\/2024\/07\/d3327bfd.png\" alt=\"\"><\/span>\n        <h1 class=\"u-text u-text-default u-text-1\">Entreposage d'hiver<\/h1>\n        <h1 class=\"u-custom-font u-text u-text-default u-text-2\"> L'entreposage d'hiver est disponible sur demande.&nbsp;<\/h1>\n      <\/div>\n    <\/section>\n    \n    \n    \n  \n","protected":false},"excerpt":{"rendered":"<p>Location d&#8217;emplacements Services et tarifs Les services offerts L&rsquo;\u00e9cole de voile dispose de plusieurs emplacements am\u00e9nag\u00e9s sur le terrain pour l&rsquo;entreposage \u00e0 sec de d\u00e9riveurs l\u00e9gers et de catamarans jusqu&rsquo;\u00e0 16 pieds. Acc\u00e8s \u00e0 la plage de mise \u00e0 l&rsquo;eau. Acc\u00e8s \u00e0 des chariots de plage pour d\u00e9placer les voiliers et pour la mise \u00e0 &hellip; <a href=\"https:\/\/voiletetreault.ca\/index.php\/location-emplacements\/\" class=\"more-link\">Continue reading<span class=\"screen-reader-text\"> \u00ab\u00a0Location &#8211; Emplacements\u00a0\u00bb<\/span><\/a><\/p>\n","protected":false},"author":1,"featured_media":0,"parent":0,"menu_order":7,"comment_status":"closed","ping_status":"closed","template":"","meta":{"footnotes":""},"class_list":["post-267","page","type-page","status-publish","hentry"],"_links":{"self":[{"href":"https:\/\/voiletetreault.ca\/index.php\/wp-json\/wp\/v2\/pages\/267","targetHints":{"allow":["GET"]}}],"collection":[{"href":"https:\/\/voiletetreault.ca\/index.php\/wp-json\/wp\/v2\/pages"}],"about":[{"href":"https:\/\/voiletetreault.ca\/index.php\/wp-json\/wp\/v2\/types\/page"}],"author":[{"embeddable":true,"href":"https:\/\/voiletetreault.ca\/index.php\/wp-json\/wp\/v2\/users\/1"}],"replies":[{"embeddable":true,"href":"https:\/\/voiletetreault.ca\/index.php\/wp-json\/wp\/v2\/comments?post=267"}],"version-history":[{"count":3,"href":"https:\/\/voiletetreault.ca\/index.php\/wp-json\/wp\/v2\/pages\/267\/revisions"}],"predecessor-version":[{"id":337,"href":"https:\/\/voiletetreault.ca\/index.php\/wp-json\/wp\/v2\/pages\/267\/revisions\/337"}],"wp:attachment":[{"href":"https:\/\/voiletetreault.ca\/index.php\/wp-json\/wp\/v2\/media?parent=267"}],"curies":[{"name":"wp","href":"https:\/\/api.w.org\/{rel}","templated":true}]}}