{"id":265,"date":"2024-07-03T21:15:08","date_gmt":"2024-07-03T21:15:08","guid":{"rendered":"https:\/\/voiletetreault.ca\/index.php\/location-tarifs\/"},"modified":"2024-07-05T17:55:28","modified_gmt":"2024-07-05T17:55:28","slug":"location-tarifs","status":"publish","type":"page","link":"https:\/\/voiletetreault.ca\/index.php\/location-tarifs\/","title":{"rendered":"Location-Tarifs"},"content":{"rendered":"\n    \n    <section class=\"u-align-left u-clearfix u-image u-shading u-section-2\" src=\"\" data-image-width=\"1440\" data-image-height=\"1080\" id=\"sec-ac73\" style=\"background-image: linear-gradient(0deg, rgba(0, 0, 0, 0.05), rgba(0, 0, 0, 0.05)), url(&quot;https:\/\/voiletetreault.ca\/wp-content\/uploads\/2024\/07\/DSC00392.jpg&quot;);\">\n      <div class=\"u-clearfix u-sheet u-sheet-1\">\n        <h1 class=\"u-text u-text-default u-title u-text-1\">Locations de voiliers<\/h1>\n        <h2 class=\"u-subtitle u-text u-text-2\">Tarifs et conditions<\/h2>\n      <\/div>\n    <\/section>\n    <section class=\"u-align-center u-clearfix u-section-3\" id=\"sec-e76a\">\n      <div class=\"u-clearfix u-sheet u-sheet-1\">\n        <h1 class=\"u-text u-text-default u-text-palette-3-base u-text-1\">D\u00e9riveurs<\/h1>\n        <div class=\"u-expanded-width u-table u-table-responsive u-table-1\">\n          <table class=\"u-table-entity u-table-entity-1\">\n            <colgroup>\n              <col width=\"33.3%\">\n              <col width=\"33.3%\">\n              <col width=\"33.400000000000006%\">\n            <\/colgroup>\n            <thead class=\"u-palette-4-base u-table-header u-table-header-1\">\n              <tr style=\"height: 21px;\">\n                <th class=\"u-border-1 u-border-palette-3-base u-palette-3-base u-table-cell u-table-cell-1\">\n                  <a href=\"https:\/\/voiletetreault.ca\/index.php\/location-tarifs\/#sec-4c59\" class=\"u-active-none u-border-none u-btn u-button-link u-button-style u-hover-none u-none u-text-black u-btn-1\"> *Voir conditions de location<\/a>\n                <\/th>\n                <th class=\"u-border-1 u-border-palette-3-base u-palette-3-base u-table-cell u-table-cell-2\"> Laser <\/th>\n                <th class=\"u-border-1 u-border-palette-3-base u-palette-3-base u-table-cell u-table-cell-3\"> Mistral 16, 4, 7<br>Laser II \n                <\/th>\n              <\/tr>\n            <\/thead>\n            <tbody class=\"u-table-body\">\n              <tr style=\"height: 75px;\">\n                <td class=\"u-border-1 u-border-grey-30 u-first-column u-grey-5 u-table-cell u-table-cell-4\">Heure<\/td>\n                <td class=\"u-border-1 u-border-grey-30 u-table-cell\">51,00$<\/td>\n                <td class=\"u-border-1 u-border-grey-30 u-table-cell\">68,00$<\/td>\n              <\/tr>\n              <tr style=\"height: 76px;\">\n                <td class=\"u-border-1 u-border-grey-30 u-first-column u-grey-5 u-table-cell u-table-cell-7\">AM: 10h00 -13h00<br>\n                <\/td>\n                <td class=\"u-border-1 u-border-grey-30 u-table-cell\">63,00$<br>\n                <\/td>\n                <td class=\"u-border-1 u-border-grey-30 u-table-cell\">86,00$<\/td>\n              <\/tr>\n              <tr style=\"height: 76px;\">\n                <td class=\"u-border-1 u-border-grey-30 u-first-column u-grey-5 u-table-cell u-table-cell-10\">PM: 13h30-16h30<\/td>\n                <td class=\"u-border-1 u-border-grey-30 u-table-cell\">81,00$<\/td>\n                <td class=\"u-border-1 u-border-grey-30 u-table-cell\">109,00$<\/td>\n              <\/tr>\n              <tr style=\"height: 76px;\">\n                <td class=\"u-border-1 u-border-grey-30 u-first-column u-grey-5 u-table-cell u-table-cell-13\">Journ\u00e9e: 10h00-16h00<\/td>\n                <td class=\"u-border-1 u-border-grey-30 u-table-cell\">108,00$<\/td>\n                <td class=\"u-border-1 u-border-grey-30 u-table-cell\">157,00$<\/td>\n              <\/tr>\n              <tr style=\"height: 76px;\">\n                <td class=\"u-border-1 u-border-grey-30 u-grey-5 u-table-cell u-table-cell-16\">2 jours cons\u00e9cutifs sur place<\/td>\n                <td class=\"u-border-1 u-border-grey-30 u-table-cell\">172,00$<\/td>\n                <td class=\"u-border-1 u-border-grey-30 u-table-cell\">274,00$<\/td>\n              <\/tr>\n            <\/tbody>\n          <\/table>\n        <\/div>\n      <\/div>\n    <\/section>\n    <section class=\"u-align-center u-clearfix u-section-4\" id=\"carousel_6851\">\n      <div class=\"u-clearfix u-sheet u-sheet-1\">\n        <h1 class=\"u-text u-text-default u-text-palette-1-base u-text-1\">Quillards<\/h1>\n        <div class=\"u-expanded-width u-table u-table-responsive u-table-1\">\n          <table class=\"u-table-entity u-table-entity-1\">\n            <colgroup>\n              <col width=\"33.3%\">\n              <col width=\"33.3%\">\n              <col width=\"33.400000000000006%\">\n            <\/colgroup>\n            <thead class=\"u-palette-4-base u-table-header u-table-header-1\">\n              <tr style=\"height: 21px;\">\n                <th class=\"u-border-1 u-border-palette-4-base u-table-cell\">\n                  <a href=\"https:\/\/voiletetreault.ca\/index.php\/location-tarifs\/#sec-4c59\" class=\"u-active-none u-border-none u-btn u-button-link u-button-style u-hover-none u-none u-text-white u-btn-1\"> *Voir conditions de location<\/a>\n                <\/th>\n                <th class=\"u-border-1 u-border-palette-4-base u-table-cell\"> Sonar<\/th>\n                <th class=\"u-border-1 u-border-palette-4-base u-table-cell\"> Sonic 23<br>Tanzer 22 \n                <\/th>\n              <\/tr>\n            <\/thead>\n            <tbody class=\"u-table-body\">\n              <tr style=\"height: 76px;\">\n                <td class=\"u-border-1 u-border-grey-30 u-first-column u-grey-5 u-table-cell u-table-cell-4\">AM: 8h30 -12h30<br>\n                <\/td>\n                <td class=\"u-border-1 u-border-grey-30 u-table-cell\">153,00$<br>\n                <\/td>\n                <td class=\"u-border-1 u-border-grey-30 u-table-cell\">182,00$<\/td>\n              <\/tr>\n              <tr style=\"height: 76px;\">\n                <td class=\"u-border-1 u-border-grey-30 u-first-column u-grey-5 u-table-cell u-table-cell-7\">PM: 13h00-17h00<\/td>\n                <td class=\"u-border-1 u-border-grey-30 u-table-cell\">190,00$<\/td>\n                <td class=\"u-border-1 u-border-grey-30 u-table-cell\">231,00$<\/td>\n              <\/tr>\n              <tr style=\"height: 76px;\">\n                <td class=\"u-border-1 u-border-grey-30 u-first-column u-grey-5 u-table-cell u-table-cell-10\">Journ\u00e9e: 8h30-17h00<\/td>\n                <td class=\"u-border-1 u-border-grey-30 u-table-cell\">285,00$<\/td>\n                <td class=\"u-border-1 u-border-grey-30 u-table-cell\">345,00$<\/td>\n              <\/tr>\n            <\/tbody>\n          <\/table>\n        <\/div>\n      <\/div>\n    <\/section>\n    <section class=\"u-align-left u-clearfix u-section-5\" id=\"sec-4c59\">\n      <div class=\"u-clearfix u-sheet u-sheet-1\">\n        <h1 class=\"u-align-left u-text u-text-palette-1-base u-text-1\">Conditions de location<\/h1>\n        <p class=\"u-align-left u-text u-text-2\"> *<span style=\"font-weight: 700;\">Tarifs du lundi au vendredi.<br>Samedi, dimanche et jours f\u00e9ri\u00e9s ajoutez 10% aux prix indiqu\u00e9s. \n          <\/span>\n        <\/p>\n        <ul class=\"u-custom-list u-spacing-12 u-text u-text-3\">\n          <li>\n            <div class=\"u-list-icon u-list-icon-1\">\n              <svg class=\"u-svg-content\" viewBox=\"0 0 512.008 512.008\" id=\"svg-9068\"><path d=\"m507.904 245.317-163.296-181.408c-2.848-3.168-6.848-5.056-11.072-5.28-4.352-.288-8.384 1.248-11.552 4.096l-47.552 42.784c-6.56 5.92-7.072 16.032-1.184 22.592l71.904 79.904h-329.152c-8.832 0-16 7.168-16 16v64c0 8.832 7.168 16 16 16h329.152l-71.904 79.872c-5.92 6.592-5.376 16.672 1.184 22.624l47.552 42.816c3.072 2.752 6.912 4.096 10.72 4.096 4.384 0 8.704-1.792 11.904-5.28l163.296-181.408c5.472-6.08 5.472-15.328 0-21.408z\" fill=\"currentColor\"><\/path><\/svg>\n            <\/div>\n            <span style=\"font-weight: 700;\"> R\u00e9servation d'un voilier par t\u00e9l\u00e9phone seulement&nbsp;<\/span>avec d\u00e9p\u00f4t de r\u00e9servation sur carte de cr\u00e9dit. Le d\u00e9p\u00f4t de r\u00e9servation est non remboursable s'il y a annulation ou non utilisation par le locataire. \n          <\/li>\n          <li>\n            <div class=\"u-list-icon u-list-icon-2\">\n              <svg class=\"u-svg-content\" viewBox=\"0 0 512.008 512.008\" id=\"svg-9068\"><path d=\"m507.904 245.317-163.296-181.408c-2.848-3.168-6.848-5.056-11.072-5.28-4.352-.288-8.384 1.248-11.552 4.096l-47.552 42.784c-6.56 5.92-7.072 16.032-1.184 22.592l71.904 79.904h-329.152c-8.832 0-16 7.168-16 16v64c0 8.832 7.168 16 16 16h329.152l-71.904 79.872c-5.92 6.592-5.376 16.672 1.184 22.624l47.552 42.816c3.072 2.752 6.912 4.096 10.72 4.096 4.384 0 8.704-1.792 11.904-5.28l163.296-181.408c5.472-6.08 5.472-15.328 0-21.408z\" fill=\"currentColor\"><\/path><\/svg>\n            <\/div> Un d\u00e9p\u00f4t de s\u00e9curit\u00e9 de 500,00$ (minimum) sur carte de cr\u00e9dit est exig\u00e9 avant le d\u00e9part. \n          <\/li>\n          <li>\n            <div class=\"u-list-icon u-list-icon-3\">\n              <svg class=\"u-svg-content\" viewBox=\"0 0 512.008 512.008\" id=\"svg-9068\"><path d=\"m507.904 245.317-163.296-181.408c-2.848-3.168-6.848-5.056-11.072-5.28-4.352-.288-8.384 1.248-11.552 4.096l-47.552 42.784c-6.56 5.92-7.072 16.032-1.184 22.592l71.904 79.904h-329.152c-8.832 0-16 7.168-16 16v64c0 8.832 7.168 16 16 16h329.152l-71.904 79.872c-5.92 6.592-5.376 16.672 1.184 22.624l47.552 42.816c3.072 2.752 6.912 4.096 10.72 4.096 4.384 0 8.704-1.792 11.904-5.28l163.296-181.408c5.472-6.08 5.472-15.328 0-21.408z\" fill=\"currentColor\"><\/path><\/svg>\n            <\/div>Une pi\u00e8ce d'identit\u00e9 est obligatoire. \n          <\/li>\n          <li>\n            <div class=\"u-list-icon u-list-icon-4\">\n              <svg class=\"u-svg-content\" viewBox=\"0 0 512.008 512.008\" id=\"svg-9068\"><path d=\"m507.904 245.317-163.296-181.408c-2.848-3.168-6.848-5.056-11.072-5.28-4.352-.288-8.384 1.248-11.552 4.096l-47.552 42.784c-6.56 5.92-7.072 16.032-1.184 22.592l71.904 79.904h-329.152c-8.832 0-16 7.168-16 16v64c0 8.832 7.168 16 16 16h329.152l-71.904 79.872c-5.92 6.592-5.376 16.672 1.184 22.624l47.552 42.816c3.072 2.752 6.912 4.096 10.72 4.096 4.384 0 8.704-1.792 11.904-5.28l163.296-181.408c5.472-6.08 5.472-15.328 0-21.408z\" fill=\"currentColor\"><\/path><\/svg>\n            <\/div>Les vestes de flottaison individuelle (VFI) sont fournies et obligatoires en tout temps. \n          <\/li>\n          <li>\n            <div class=\"u-list-icon u-list-icon-5\">\n              <svg class=\"u-svg-content\" viewBox=\"0 0 512.008 512.008\" id=\"svg-9068\"><path d=\"m507.904 245.317-163.296-181.408c-2.848-3.168-6.848-5.056-11.072-5.28-4.352-.288-8.384 1.248-11.552 4.096l-47.552 42.784c-6.56 5.92-7.072 16.032-1.184 22.592l71.904 79.904h-329.152c-8.832 0-16 7.168-16 16v64c0 8.832 7.168 16 16 16h329.152l-71.904 79.872c-5.92 6.592-5.376 16.672 1.184 22.624l47.552 42.816c3.072 2.752 6.912 4.096 10.72 4.096 4.384 0 8.704-1.792 11.904-5.28l163.296-181.408c5.472-6.08 5.472-15.328 0-21.408z\" fill=\"currentColor\"><\/path><\/svg>\n            <\/div>Vous devez avoir une certification officielle ou une preuve de comp\u00e9tence pour louer un voilier. \n          <\/li>\n          <li>\n            <div class=\"u-list-icon u-list-icon-6\">\n              <svg class=\"u-svg-content\" viewBox=\"0 0 512.008 512.008\" id=\"svg-9068\"><path d=\"m507.904 245.317-163.296-181.408c-2.848-3.168-6.848-5.056-11.072-5.28-4.352-.288-8.384 1.248-11.552 4.096l-47.552 42.784c-6.56 5.92-7.072 16.032-1.184 22.592l71.904 79.904h-329.152c-8.832 0-16 7.168-16 16v64c0 8.832 7.168 16 16 16h329.152l-71.904 79.872c-5.92 6.592-5.376 16.672 1.184 22.624l47.552 42.816c3.072 2.752 6.912 4.096 10.72 4.096 4.384 0 8.704-1.792 11.904-5.28l163.296-181.408c5.472-6.08 5.472-15.328 0-21.408z\" fill=\"currentColor\"><\/path><\/svg>\n            <\/div>A d\u00e9faut de certification ou de preuve de comp\u00e9tence, une v\u00e9rification des connaissances et de l\u2019exp\u00e9rience de voile est faite sur place. \n          <\/li>\n        <\/ul>\n        <p class=\"u-small-text u-text u-text-variant u-text-4\"> Les prix et conditions peuvent \u00eatre sujets \u00e0 changements sans pr\u00e9avis. Taxes en sus.<\/p>\n      <\/div>\n    <\/section>\n    <section class=\"u-align-center u-clearfix u-palette-3-base u-section-6\" id=\"sec-4d54\">\n      <div class=\"u-clearfix u-sheet u-valign-middle u-sheet-1\">\n        <h5 class=\"u-text u-text-default u-text-1\">pour r\u00e9server<\/h5>\n        <h1 class=\"u-custom-font u-text u-text-default u-text-palette-1-base u-text-2\">\n          <a class=\"u-active-none u-border-none u-btn u-button-link u-button-style u-custom-font u-font-roboto u-hover-none u-none u-text-palette-1-base u-btn-1\" href=\"tel:450-479-6841\">450-479-6841<br>\n          <\/a>\n        <\/h1>\n      <\/div>\n    <\/section>\n    \n    \n    \n  \n","protected":false},"excerpt":{"rendered":"<p>Locations de voiliers Tarifs et conditions D\u00e9riveurs *Voir conditions de location Laser Mistral 16, 4, 7Laser II Heure 51,00$ 68,00$ AM: 10h00 -13h00 63,00$ 86,00$ PM: 13h30-16h30 81,00$ 109,00$ Journ\u00e9e: 10h00-16h00 108,00$ 157,00$ 2 jours cons\u00e9cutifs sur place 172,00$ 274,00$ Quillards *Voir conditions de location Sonar Sonic 23Tanzer 22 AM: 8h30 -12h30 153,00$ 182,00$ PM: &hellip; <a href=\"https:\/\/voiletetreault.ca\/index.php\/location-tarifs\/\" class=\"more-link\">Continue reading<span class=\"screen-reader-text\"> \u00ab\u00a0Location-Tarifs\u00a0\u00bb<\/span><\/a><\/p>\n","protected":false},"author":1,"featured_media":0,"parent":0,"menu_order":5,"comment_status":"closed","ping_status":"closed","template":"","meta":{"footnotes":""},"class_list":["post-265","page","type-page","status-publish","hentry"],"_links":{"self":[{"href":"https:\/\/voiletetreault.ca\/index.php\/wp-json\/wp\/v2\/pages\/265","targetHints":{"allow":["GET"]}}],"collection":[{"href":"https:\/\/voiletetreault.ca\/index.php\/wp-json\/wp\/v2\/pages"}],"about":[{"href":"https:\/\/voiletetreault.ca\/index.php\/wp-json\/wp\/v2\/types\/page"}],"author":[{"embeddable":true,"href":"https:\/\/voiletetreault.ca\/index.php\/wp-json\/wp\/v2\/users\/1"}],"replies":[{"embeddable":true,"href":"https:\/\/voiletetreault.ca\/index.php\/wp-json\/wp\/v2\/comments?post=265"}],"version-history":[{"count":2,"href":"https:\/\/voiletetreault.ca\/index.php\/wp-json\/wp\/v2\/pages\/265\/revisions"}],"predecessor-version":[{"id":327,"href":"https:\/\/voiletetreault.ca\/index.php\/wp-json\/wp\/v2\/pages\/265\/revisions\/327"}],"wp:attachment":[{"href":"https:\/\/voiletetreault.ca\/index.php\/wp-json\/wp\/v2\/media?parent=265"}],"curies":[{"name":"wp","href":"https:\/\/api.w.org\/{rel}","templated":true}]}}