{"id":264,"date":"2024-07-03T21:15:07","date_gmt":"2024-07-03T21:15:07","guid":{"rendered":"https:\/\/voiletetreault.ca\/index.php\/nous-joindre\/"},"modified":"2024-07-03T21:15:19","modified_gmt":"2024-07-03T21:15:19","slug":"nous-joindre","status":"publish","type":"page","link":"https:\/\/voiletetreault.ca\/index.php\/nous-joindre\/","title":{"rendered":"Nous joindre"},"content":{"rendered":"\n  \n    <section class=\"u-clearfix u-palette-1-base u-section-1\" id=\"sec-84b8\">\n      <div class=\"u-clearfix u-sheet u-sheet-1\">\n        <div class=\"u-expanded-width-sm u-expanded-width-xs u-palette-3-base u-shape u-shape-rectangle u-shape-1\"><\/div>\n        <img decoding=\"async\" class=\"u-align-left u-image u-image-1\" src=\"https:\/\/voiletetreault.ca\/wp-content\/uploads\/2024\/07\/quai.jpg\" data-image-width=\"716\" data-image-height=\"960\">\n        <div class=\"u-container-style u-group u-palette-2-base u-group-1\">\n          <div class=\"u-container-layout u-container-layout-1\">\n            <p class=\"u-align-right u-spacing-8 u-text u-text-1\">Adresse<br>220 rue des Anges<br>Oka Qc, J0N 1E0<br>\n              <br>T\u00e9l\u00e9phone<br>\n            <\/p>\n            <p class=\"u-align-right u-spacing-8 u-text u-text-2\">Courriel&nbsp;<br>\n              <a href=\"mailto:info@voiletetreault.ca\" class=\"u-active-none u-border-none u-btn u-button-link u-button-style u-hover-none u-none u-text-white u-btn-1\">info@voiletetreault.ca<\/a>\n              <br>\n              <br>\n            <\/p>\n            <div class=\"u-social-icons u-spacing-10 u-social-icons-1\">\n              <a class=\"u-social-url\" title=\"facebook\" target=\"_blank\" href=\"https:\/\/www.facebook.com\/pages\/%C3%89cole-De-Voile-Gilles-T%C3%A9treault-Oka-Qc\/415534125224339\"><span class=\"u-icon u-social-facebook u-social-icon u-text-palette-2-light-2 u-icon-1\"><svg class=\"u-svg-link\" preserveAspectRatio=\"xMidYMin slice\" viewBox=\"0 0 112 112\" style=\"\"><use xlink:href=\"#svg-e6fd\"><\/use><\/svg><svg class=\"u-svg-content\" viewBox=\"0 0 112 112\" x=\"0\" y=\"0\" id=\"svg-e6fd\"><path fill=\"currentColor\" d=\"M75.5,28.8H65.4c-1.5,0-4,0.9-4,4.3v9.4h13.9l-1.5,15.8H61.4v45.1H42.8V58.3h-8.8V42.4h8.8V32.2\nc0-7.4,3.4-18.8,18.8-18.8h13.8v15.4H75.5z\"><\/path><\/svg><\/span>\n              <\/a>\n            <\/div>\n            <p class=\"u-align-left u-text u-text-3\">\n              <a class=\"u-active-none u-border-none u-btn u-button-link u-button-style u-hover-none u-none u-text-white u-btn-2\" href=\"tel:450-479-6841\"> 450-479-6841<\/a>\n              <br>\n            <\/p>\n            <p class=\"u-align-left u-spacing-8 u-text u-text-4\"> Un contact t\u00e9l\u00e9phonique est toujours appr\u00e9ci\u00e9!<\/p>\n          <\/div>\n        <\/div>\n      <\/div>\n    <\/section>\n    <section class=\"u-clearfix u-grey-light-2 u-typography-custom-page-typography-12--Map u-section-2\" id=\"sec-3c63\">\n      <div class=\"u-absolute-hcenter u-expanded u-grey-light-2 u-map\">\n        <div class=\"embed-responsive\">\n          <iframe frameborder=\"0\" class=\"embed-responsive-item map-content\" data-map=\"JTdCJTIycG9zaXRpb25UeXBlJTIyJTNBJTIybWFwLXBvaW50JTIyJTJDJTIyYWRkcmVzcyUyMiUzQSUyMiUyMiUyQyUyMnpvb20lMjIlM0ExMCUyQyUyMnR5cGVJZCUyMiUzQSUyMnJvYWQlMjIlMkMlMjJsYW5nJTIyJTNBbnVsbCUyQyUyMmFwaUtleSUyMiUzQSUyMkFJemFTeUQ4bG9UeTYxSjNGenROWFJDc1RvMlFFelBoNlhReDlzVSUyMiUyQyUyMm1hcmtlcnMlMjIlM0ElNUIlN0IlMjJwb3NpdGlvbiUyMiUzQSU3QiUyMmxhdCUyMiUzQTQ1LjQ1OTg0NDY3NzE3NjU0JTJDJTIybG5nJTIyJTNBLTc0LjA5MjY1NTE4MTg4NDc3JTdEJTJDJTIydGl0bGUlMjIlM0ElMjIlMjIlMkMlMjJkZXNjcmlwdGlvbiUyMiUzQSUyMiUyMiUyQyUyMmxpbmtVcmwlMjIlM0ElMjIlMjIlMkMlMjJsaW5rQ2FwdGlvbiUyMiUzQSUyMiUyMiUyQyUyMnpvb20lMjIlM0ExOCU3RCU1RCU3RA==\"><\/iframe>\n          <script>window.loadMapsContent && loadMapsContent();<\/script>\n        <\/div>\n      <\/div>\n    <\/section>\n    \n    \n    \n    \n  \n","protected":false},"excerpt":{"rendered":"<p>Adresse220 rue des AngesOka Qc, J0N 1E0 T\u00e9l\u00e9phone Courriel&nbsp; info@voiletetreault.ca 450-479-6841 Un contact t\u00e9l\u00e9phonique est toujours appr\u00e9ci\u00e9!<\/p>\n","protected":false},"author":1,"featured_media":0,"parent":0,"menu_order":4,"comment_status":"closed","ping_status":"closed","template":"","meta":{"footnotes":""},"class_list":["post-264","page","type-page","status-publish","hentry"],"_links":{"self":[{"href":"https:\/\/voiletetreault.ca\/index.php\/wp-json\/wp\/v2\/pages\/264","targetHints":{"allow":["GET"]}}],"collection":[{"href":"https:\/\/voiletetreault.ca\/index.php\/wp-json\/wp\/v2\/pages"}],"about":[{"href":"https:\/\/voiletetreault.ca\/index.php\/wp-json\/wp\/v2\/types\/page"}],"author":[{"embeddable":true,"href":"https:\/\/voiletetreault.ca\/index.php\/wp-json\/wp\/v2\/users\/1"}],"replies":[{"embeddable":true,"href":"https:\/\/voiletetreault.ca\/index.php\/wp-json\/wp\/v2\/comments?post=264"}],"version-history":[{"count":1,"href":"https:\/\/voiletetreault.ca\/index.php\/wp-json\/wp\/v2\/pages\/264\/revisions"}],"predecessor-version":[{"id":279,"href":"https:\/\/voiletetreault.ca\/index.php\/wp-json\/wp\/v2\/pages\/264\/revisions\/279"}],"wp:attachment":[{"href":"https:\/\/voiletetreault.ca\/index.php\/wp-json\/wp\/v2\/media?parent=264"}],"curies":[{"name":"wp","href":"https:\/\/api.w.org\/{rel}","templated":true}]}}