{"id":263,"date":"2024-07-03T21:15:06","date_gmt":"2024-07-03T21:15:06","guid":{"rendered":"https:\/\/voiletetreault.ca\/index.php\/location-voiliers\/"},"modified":"2024-07-22T14:09:37","modified_gmt":"2024-07-22T14:09:37","slug":"location-voiliers","status":"publish","type":"page","link":"https:\/\/voiletetreault.ca\/index.php\/location-voiliers\/","title":{"rendered":"Location &#8211; Voiliers"},"content":{"rendered":"\n    \n    <section class=\"u-clearfix u-image u-section-2\" src=\"\" id=\"carousel_cb26\" data-image-width=\"1440\" data-image-height=\"1080\" style=\"background-image: url(&quot;https:\/\/voiletetreault.ca\/wp-content\/uploads\/2024\/07\/Ecolevoileaot2013-2032.jpg&quot;);\">\n      <div class=\"u-clearfix u-sheet u-sheet-1\">\n        <div class=\"u-align-left u-container-style u-group u-palette-4-base u-group-1\">\n          <div class=\"u-container-layout u-valign-middle u-container-layout-1\">\n            <h2 class=\"u-text u-text-1\">Profitez de l'\u00e9t\u00e9 sur l'eau !<\/h2>\n            <p class=\"u-large-text u-text u-text-variant u-text-2\"> L'\u00e9cole de voile offre plusieurs types de voiliers en location r\u00e9guli\u00e8re et propose \u00e9galement un programme de locations pour la saison d'\u00e9t\u00e9.<\/p>\n            <a href=\"https:\/\/voiletetreault.ca\/index.php\/location-tarifs\/\" class=\"u-active-palette-4-dark-3 u-border-none u-btn u-button-style u-hover-black u-palette-3-base u-btn-1\" title=\"read more\">Tarifs de location<\/a>\n          <\/div>\n        <\/div>\n      <\/div>\n    <\/section>\n    <section class=\"u-align-center u-clearfix u-section-3\" id=\"sec-0864\">\n      <div class=\"u-clearfix u-sheet u-sheet-1\">\n        <h5 class=\"u-text u-text-default u-text-1\">le saviez-vous ?<\/h5>\n        <h1 class=\"u-text u-text-default u-text-palette-3-base u-text-2\">Rabais sur la location<\/h1>\n        <p class=\"u-text u-text-3\"> Tous nos \u00e9l\u00e8ves b\u00e9n\u00e9ficient d'un rabais de 5% \u00e0 15% sur la location r\u00e9guli\u00e8re d'un voilier de l'\u00e9cole de voile pendant l'ann\u00e9e qui suit la fin de leur cours.<\/p>\n      <\/div>\n    <\/section>\n    <section class=\"u-clearfix u-section-4\" id=\"sec-9fb7\">\n      <div class=\"u-clearfix u-sheet u-sheet-1\">\n        <div class=\"data-layout-selected u-clearfix u-expanded-width u-gutter-10 u-layout-wrap u-layout-wrap-1\">\n          <div class=\"u-gutter-0 u-layout\">\n            <div class=\"u-layout-row\">\n              <div class=\"u-size-30 u-size-60-md\">\n                <div class=\"u-layout-col\">\n                  <div class=\"u-size-30\">\n                    <div class=\"u-layout-row\">\n                      <div class=\"u-align-left u-container-style u-image u-layout-cell u-left-cell u-size-30 u-image-1\" src=\"\" data-image-width=\"1440\" data-image-height=\"1080\" style=\"background-image: url(&quot;https:\/\/voiletetreault.ca\/wp-content\/uploads\/2024\/07\/Ecolevoileaot2013032.jpg&quot;);\">\n                        <div class=\"u-container-layout u-valign-middle u-container-layout-1\" src=\"\"><\/div>\n                      <\/div>\n                      <div class=\"u-align-left u-container-style u-image u-layout-cell u-size-30 u-image-2\" src=\"\" data-image-width=\"1440\" data-image-height=\"1080\" style=\"background-image: url(&quot;https:\/\/voiletetreault.ca\/wp-content\/uploads\/2024\/07\/Ecolevoileaot2013041.jpg&quot;);\">\n                        <div class=\"u-container-layout u-valign-middle u-container-layout-2\" src=\"\"><\/div>\n                      <\/div>\n                    <\/div>\n                  <\/div>\n                  <div class=\"u-size-30\">\n                    <div class=\"u-layout-row\">\n                      <div class=\"u-align-left u-container-style u-image u-layout-cell u-left-cell u-size-30 u-image-3\" src=\"\" data-image-width=\"1440\" data-image-height=\"1080\" style=\"background-image: url(&quot;https:\/\/voiletetreault.ca\/wp-content\/uploads\/2024\/07\/Ecolevoileaot2013035.jpg&quot;);\">\n                        <div class=\"u-container-layout u-valign-middle u-container-layout-3\" src=\"\"><\/div>\n                      <\/div>\n                      <div class=\"u-align-left u-container-style u-image u-layout-cell u-size-30 u-image-4\" src=\"\" data-image-width=\"1440\" data-image-height=\"1080\" style=\"background-image: url(&quot;https:\/\/voiletetreault.ca\/wp-content\/uploads\/2024\/07\/Ecolevoileaot2013023.jpg&quot;);\">\n                        <div class=\"u-container-layout u-valign-middle u-container-layout-4\" src=\"\"><\/div>\n                      <\/div>\n                    <\/div>\n                  <\/div>\n                <\/div>\n              <\/div>\n              <div class=\"u-size-30 u-size-60-md\">\n                <div class=\"u-layout-col\">\n                  <div class=\"u-align-left u-container-style u-layout-cell u-palette-3-base u-right-cell u-size-60 u-layout-cell-5\">\n                    <div class=\"u-container-layout u-container-layout-5\">\n                      <h2 class=\"u-text u-text-default u-text-palette-1-base u-text-1\">Voile l\u00e9g\u00e8re (d\u00e9riveurs)<\/h2>\n                      <p class=\"u-large-text u-text u-text-variant u-text-2\"> Laser, Laser II, Mistral 4.7, Mistral 16<\/p>\n                      <p class=\"u-text u-text-3\">Location possible \u00e0 l'heure, \u00e0 la demi-journ\u00e9e (Am ou Pm)\u200b.<br>\n                      <\/p>\n                      <a href=\"https:\/\/voiletetreault.ca\/index.php\/location-tarifs\/#sec-e76a\" class=\"u-border-2 u-border-no-left u-border-no-right u-border-no-top u-border-palette-1-base u-btn u-btn-rectangle u-button-style u-none u-btn-1\">\n                        <br>Tarifs et conditions \n                      <\/a>\n                    <\/div>\n                  <\/div>\n                <\/div>\n              <\/div>\n            <\/div>\n          <\/div>\n        <\/div>\n      <\/div>\n    <\/section>\n    <section class=\"u-clearfix u-section-5\" id=\"sec-3fc0\">\n      <div class=\"u-clearfix u-sheet u-sheet-1\">\n        <div class=\"data-layout-selected u-clearfix u-expanded-width u-gutter-10 u-layout-wrap u-layout-wrap-1\">\n          <div class=\"u-gutter-0 u-layout\">\n            <div class=\"u-layout-row\">\n              <div class=\"u-size-30 u-size-60-md\">\n                <div class=\"u-layout-col\">\n                  <div class=\"u-align-left u-container-style u-image u-layout-cell u-left-cell u-size-60 u-image-1\" src=\"\" data-image-width=\"1440\" data-image-height=\"1080\" style=\"background-image: url(&quot;https:\/\/voiletetreault.ca\/wp-content\/uploads\/2024\/07\/Ecolevoileaot2013-2027.jpg&quot;);\">\n                    <div class=\"u-container-layout u-valign-middle u-container-layout-1\" src=\"\"><\/div>\n                  <\/div>\n                <\/div>\n              <\/div>\n              <div class=\"u-size-30 u-size-60-md\">\n                <div class=\"u-layout-row\">\n                  <div class=\"u-align-left u-container-style u-layout-cell u-palette-1-base u-right-cell u-size-60 u-layout-cell-2\">\n                    <div class=\"u-container-layout u-container-layout-2\">\n                      <h2 class=\"u-text u-text-default u-text-palette-3-base u-text-1\">Voile croisi\u00e8re (quillard)<\/h2>\n                      <p class=\"u-large-text u-text u-text-variant u-text-2\"> Sonic 23 pieds, Tanzer 22 pieds, Sonar 23 pieds<br>\n                        <br>\n                        <br>\n                      <\/p>\n                      <p class=\"u-text u-text-3\">Location possible \u00e0 l'heure, \u00e0 la demi-journ\u00e9e (Am ou Pm)\u200b.<\/p>\n                      <a href=\"https:\/\/voiletetreault.ca\/index.php\/location-tarifs\/#carousel_6851\" class=\"u-border-2 u-border-no-left u-border-no-right u-border-no-top u-border-palette-3-base u-btn u-btn-rectangle u-button-style u-none u-text-palette-3-base u-btn-1\">Tarifs et conditions<\/a>\n                    <\/div>\n                  <\/div>\n                <\/div>\n              <\/div>\n            <\/div>\n          <\/div>\n        <\/div>\n      <\/div>\n    <\/section>\n    <section class=\"u-align-center u-clearfix u-palette-3-base u-section-6\" id=\"sec-c6a3\">\n      <div class=\"u-clearfix u-sheet u-sheet-1\">\n        <h5 class=\"u-text u-text-default u-text-1\">Location saisoni\u00e8re<\/h5>\n        <h1 class=\"u-text u-text-default u-text-2\">Pour faire de la voile \u00e0 prix avantageux.<\/h1>\n        <a href=\"https:\/\/voiletetreault.ca\/index.php\/locations-saisonieres\/\" class=\"u-border-2 u-border-white u-btn u-btn-round u-button-style u-none u-radius-23 u-btn-1\">D\u00e9couvrez nos forfaits<\/a>\n      <\/div>\n    <\/section>\n    \n    \n    \n  \n","protected":false},"excerpt":{"rendered":"<p>Profitez de l&rsquo;\u00e9t\u00e9 sur l&rsquo;eau ! L&rsquo;\u00e9cole de voile offre plusieurs types de voiliers en location r\u00e9guli\u00e8re et propose \u00e9galement un programme de locations pour la saison d&rsquo;\u00e9t\u00e9. Tarifs de location le saviez-vous ? Rabais sur la location Tous nos \u00e9l\u00e8ves b\u00e9n\u00e9ficient d&rsquo;un rabais de 5% \u00e0 15% sur la location r\u00e9guli\u00e8re d&rsquo;un voilier de &hellip; <a href=\"https:\/\/voiletetreault.ca\/index.php\/location-voiliers\/\" class=\"more-link\">Continue reading<span class=\"screen-reader-text\"> \u00ab\u00a0Location &#8211; Voiliers\u00a0\u00bb<\/span><\/a><\/p>\n","protected":false},"author":1,"featured_media":0,"parent":0,"menu_order":3,"comment_status":"closed","ping_status":"closed","template":"","meta":{"footnotes":""},"class_list":["post-263","page","type-page","status-publish","hentry"],"_links":{"self":[{"href":"https:\/\/voiletetreault.ca\/index.php\/wp-json\/wp\/v2\/pages\/263","targetHints":{"allow":["GET"]}}],"collection":[{"href":"https:\/\/voiletetreault.ca\/index.php\/wp-json\/wp\/v2\/pages"}],"about":[{"href":"https:\/\/voiletetreault.ca\/index.php\/wp-json\/wp\/v2\/types\/page"}],"author":[{"embeddable":true,"href":"https:\/\/voiletetreault.ca\/index.php\/wp-json\/wp\/v2\/users\/1"}],"replies":[{"embeddable":true,"href":"https:\/\/voiletetreault.ca\/index.php\/wp-json\/wp\/v2\/comments?post=263"}],"version-history":[{"count":2,"href":"https:\/\/voiletetreault.ca\/index.php\/wp-json\/wp\/v2\/pages\/263\/revisions"}],"predecessor-version":[{"id":344,"href":"https:\/\/voiletetreault.ca\/index.php\/wp-json\/wp\/v2\/pages\/263\/revisions\/344"}],"wp:attachment":[{"href":"https:\/\/voiletetreault.ca\/index.php\/wp-json\/wp\/v2\/media?parent=263"}],"curies":[{"name":"wp","href":"https:\/\/api.w.org\/{rel}","templated":true}]}}