{"id":262,"date":"2024-07-03T21:15:05","date_gmt":"2024-07-03T21:15:05","guid":{"rendered":"https:\/\/voiletetreault.ca\/index.php\/a-propos\/"},"modified":"2024-07-22T14:08:44","modified_gmt":"2024-07-22T14:08:44","slug":"a-propos","status":"publish","type":"page","link":"https:\/\/voiletetreault.ca\/index.php\/a-propos\/","title":{"rendered":"\u00c0 propos"},"content":{"rendered":"\n    \n    <section class=\"u-clearfix u-image u-section-2\" src=\"\" id=\"carousel_19f6\" data-image-width=\"1747\" data-image-height=\"1080\" style=\"background-image: url(&quot;https:\/\/voiletetreault.ca\/wp-content\/uploads\/2024\/07\/DSC00399_CROP.jpg&quot;);\">\n      <div class=\"u-clearfix u-sheet u-valign-middle u-sheet-1\">\n        <div class=\"u-align-left u-container-style u-group u-palette-1-base u-group-1\">\n          <div class=\"u-container-layout u-container-layout-1\">\n            <h2 class=\"u-text u-text-1\">\n              <span style=\"font-style: normal;\">Plus qu'une \u00e9cole<\/span>&nbsp;... \n            <\/h2>\n            <p class=\"u-large-text u-text u-text-variant u-text-2\">L'\u00e9cole de voile est un lieu de rassemblement o\u00f9 plusieurs g\u00e9n\u00e9rations de navigateurs&nbsp; ont appris et grandis autour d'une m\u00eame passion. Il y r\u00e8gne une atmosph\u00e8re de bonne humeur et de respect propice au partage des conaissances.<br>\n              <br>\n            <\/p>\n          <\/div>\n        <\/div>\n      <\/div>\n    <\/section>\n    <section class=\"u-align-left u-clearfix u-valign-middle-xs u-section-3\" id=\"sec-cc05\">\n      <div class=\"u-container-style u-expanded-width-md u-expanded-width-sm u-expanded-width-xs u-group u-palette-3-base u-shape-rectangle u-group-1\">\n        <div class=\"u-container-layout u-container-layout-1\">\n          <div class=\"u-border-10 u-border-palette-1-base u-line u-line-horizontal u-line-1\"><\/div>\n          <h1 class=\"u-text u-text-default u-text-palette-1-base u-text-1\">\u00c0 propos<\/h1>\n          <div class=\"fr-view u-clearfix u-rich-text u-text u-text-2\">\n            <p id=\"isPasted\" style=\"text-align: left;\">L'\u00e9cole de voile Gilles T\u00e9treault a \u00e9t\u00e9 fond\u00e9e par Gilles T\u00e9treault, en 1981. Elle est l'une des seules \u00e9coles de voile au Qu\u00e9bec qui est toujours la propri\u00e9t\u00e9 de son fondateur&nbsp; plus de 40 ans apr\u00e8s sa fondation.<\/p>\n            <p>L'\u00e9cole de voile est situ\u00e9e dans la municipalit\u00e9 d'Oka, au c\u0153ur du village, sur la rive nord du lac des Deux-Montagnes, \u00e0 environ 35 minutes de Montr\u00e9al. Vous y retrouverez une atmosph\u00e8re cordiale et chaleureuse o\u00f9 r\u00e8gne la bonne humeur.<\/p>\n            <p>Gilles T\u00e9treault et son \u00e9quipe d\u00e9sirent vous faire d\u00e9couvrir et partager la passion de la voile par des m\u00e9thodes s\u00e9curitaires, un enseignement et des services professionnels dans un environnement agr\u00e9able \u00e0 deux pas de chez vous.<\/p>\n            <p style=\"text-align: left;\">L'\u00e9cole se sp\u00e9cialise dans l'apprentissage de la man\u0153uvre en voile l\u00e9g\u00e8re (d\u00e9riveur) et en voile croisi\u00e8re (sur quillard habitable). Elle est homologu\u00e9e par la F\u00e9d\u00e9ration de la voile du Qu\u00e9bec en voile l\u00e9g\u00e8re et en voile croisi\u00e8re et est membre de Voile Canada. &nbsp; &nbsp; &nbsp;&nbsp;<\/p>\n            <p>L'\u00e9cole de voile poss\u00e8de une flotte d'une quinzaine de bateaux (d\u00e9riveurs, et quillards) bien entretenus qui sont aussi disponibles en location.<\/p>\n            <p>Notre site dispose de plusieurs emplacements \u00e0 louer pour l'entreposage en cale s\u00e8che de d\u00e9riveurset catamarans pour la saison d'\u00e9t\u00e9 ou pour l'hivernage hors saison.<\/p>\n            <p>Gilles T\u00e9treault est un moniteur et entra\u00eeneur actif depuis plus de 45 ans dans le domaine nautique et dans le milieu du ski alpin. Il supervise quotidiennement les op\u00e9rations de l'\u00e9cole et enseigne r\u00e9guli\u00e8rement. Il si\u00e8ge aussi \u00e0 titre b\u00e9n\u00e9vole depuis plusieurs ann\u00e9es sur diff\u00e9rents conseils d'administration d'organismes sportifs et touristiques.<\/p>\n            <p>L'\u00e9quipe formant le personnel de l'\u00e9cole de voile est un heureux m\u00e9lange d'exp\u00e9rience, de jeunesse, de maturit\u00e9 et de fougue qui n'attend que vous pour partager sa passion.<\/p>\n          <\/div>\n          <img decoding=\"async\" class=\"u-image u-image-default u-preserve-proportions u-image-1\" src=\"https:\/\/voiletetreault.ca\/wp-content\/uploads\/2024\/07\/logo-voile-quebec-126x100-1.png\" alt=\"\" data-image-width=\"126\" data-image-height=\"100\" data-href=\"https:\/\/www.voile.qc.ca\/\" data-target=\"_blank\">\n          <p class=\"u-small-text u-text u-text-variant u-text-3\">\u00c9cole de voile homologu\u00e9e par la F\u00c9D\u00c9RATION DE VOILE DU QUEBEC&nbsp;<\/p>\n          <img decoding=\"async\" class=\"u-image u-image-default u-preserve-proportions u-image-2\" src=\"https:\/\/voiletetreault.ca\/wp-content\/uploads\/2024\/07\/logovoilecanadaimage.png\" alt=\"\" data-image-width=\"200\" data-image-height=\"129\" data-href=\"https:\/\/fr.sailing.ca\/\" data-target=\"_blank\">\n          <p class=\"u-small-text u-text u-text-variant u-text-4\"> Membre de VOILE CANADA<\/p>\n        <\/div>\n      <\/div>\n    <\/section>\n    <section class=\"u-clearfix u-section-4\" id=\"carousel_e429\">\n      <div class=\"u-clearfix u-sheet u-sheet-1\">\n        <div id=\"carousel-6b6a\" data-interval=\"5000\" data-u-ride=\"carousel\" class=\"u-carousel u-slider u-slider-1\">\n          <ol class=\"u-absolute-hcenter u-carousel-indicators u-carousel-indicators-1\">\n            <li data-u-target=\"#carousel-6b6a\" class=\"u-active u-grey-30\" data-u-slide-to=\"0\"><\/li>\n            <li data-u-target=\"#carousel-6b6a\" class=\"u-grey-30\" data-u-slide-to=\"1\"><\/li>\n          <\/ol>\n          <div class=\"u-carousel-inner\" role=\"listbox\">\n            <div class=\"u-active u-align-center u-carousel-item u-container-style u-slide\">\n              <div class=\"u-container-layout u-valign-middle u-container-layout-1\">\n                <div class=\"u-expanded-width-lg u-expanded-width-md u-expanded-width-sm u-expanded-width-xs u-gallery u-layout-grid u-lightbox u-no-transition u-show-text-on-hover u-gallery-1\">\n                  <div class=\"u-gallery-inner u-gallery-inner-1\">\n                    <div class=\"u-effect-fade u-gallery-item\">\n                      <div class=\"u-back-slide\" data-image-width=\"810\" data-image-height=\"1080\">\n                        <img decoding=\"async\" class=\"u-back-image u-expanded\" src=\"https:\/\/voiletetreault.ca\/wp-content\/uploads\/2024\/07\/enseignecoledevoilebordderue.jpg\">\n                      <\/div>\n                      <div class=\"u-over-slide u-shading u-over-slide-1\"><\/div>\n                    <\/div>\n                    <div class=\"u-effect-fade u-gallery-item\">\n                      <div class=\"u-back-slide\" data-image-width=\"717\" data-image-height=\"960\">\n                        <img decoding=\"async\" class=\"u-back-image u-expanded\" src=\"https:\/\/voiletetreault.ca\/wp-content\/uploads\/2024\/07\/ecole2.jpg\">\n                      <\/div>\n                      <div class=\"u-over-slide u-shading u-over-slide-2\"><\/div>\n                    <\/div>\n                    <div class=\"u-effect-fade u-gallery-item\">\n                      <div class=\"u-back-slide\" data-image-width=\"1440\" data-image-height=\"1080\">\n                        <img decoding=\"async\" class=\"u-back-image u-expanded\" src=\"https:\/\/voiletetreault.ca\/wp-content\/uploads\/2024\/07\/LUDOVICt2019011.jpg\">\n                      <\/div>\n                      <div class=\"u-over-slide u-shading u-over-slide-3\"><\/div>\n                    <\/div>\n                  <\/div>\n                <\/div>\n              <\/div>\n            <\/div>\n            <div class=\"u-align-center u-carousel-item u-container-style u-expanded-width-xl u-slide\">\n              <div class=\"u-container-layout u-valign-middle u-container-layout-2\">\n                <div class=\"u-expanded-width-lg u-expanded-width-md u-expanded-width-sm u-expanded-width-xs u-gallery u-layout-grid u-lightbox u-no-transition u-show-text-on-hover u-gallery-2\">\n                  <div class=\"u-gallery-inner u-gallery-inner-2\">\n                    <div class=\"u-effect-fade u-gallery-item\">\n                      <div class=\"u-back-slide\" data-image-width=\"1440\" data-image-height=\"1080\">\n                        <img decoding=\"async\" class=\"u-back-image u-expanded\" src=\"https:\/\/voiletetreault.ca\/wp-content\/uploads\/2024\/07\/DSC00401.jpg\">\n                      <\/div>\n                      <div class=\"u-over-slide u-shading u-over-slide-4\"><\/div>\n                    <\/div>\n                    <div class=\"u-effect-fade u-gallery-item\">\n                      <div class=\"u-back-slide\" data-image-width=\"1440\" data-image-height=\"1080\">\n                        <img decoding=\"async\" class=\"u-back-image u-expanded\" src=\"https:\/\/voiletetreault.ca\/wp-content\/uploads\/2024\/07\/Ecolevoileaot2013-2034.jpg\">\n                      <\/div>\n                      <div class=\"u-over-slide u-shading u-over-slide-5\"><\/div>\n                    <\/div>\n                    <div class=\"u-effect-fade u-gallery-item\">\n                      <div class=\"u-back-slide\" data-image-width=\"1440\" data-image-height=\"1080\">\n                        <img decoding=\"async\" class=\"u-back-image u-expanded\" src=\"https:\/\/voiletetreault.ca\/wp-content\/uploads\/2024\/07\/DSC00294.jpg\">\n                      <\/div>\n                      <div class=\"u-over-slide u-shading u-over-slide-6\"><\/div>\n                    <\/div>\n                  <\/div>\n                <\/div>\n              <\/div>\n            <\/div>\n          <\/div>\n          <a class=\"u-absolute-vcenter u-carousel-control u-carousel-control-prev u-icon-rounded u-palette-1-base u-spacing-10 u-carousel-control-1\" href=\"#carousel-6b6a\" role=\"button\" data-u-slide=\"prev\">\n            <span aria-hidden=\"true\">\n              <svg viewBox=\"0 0 477.175 477.175\"><path d=\"M145.188,238.575l215.5-215.5c5.3-5.3,5.3-13.8,0-19.1s-13.8-5.3-19.1,0l-225.1,225.1c-5.3,5.3-5.3,13.8,0,19.1l225.1,225\n                    c2.6,2.6,6.1,4,9.5,4s6.9-1.3,9.5-4c5.3-5.3,5.3-13.8,0-19.1L145.188,238.575z\"><\/path><\/svg>\n            <\/span>\n            <span class=\"sr-only\">Previous<\/span>\n          <\/a>\n          <a class=\"u-absolute-vcenter u-carousel-control u-carousel-control-next u-icon-rounded u-palette-1-base u-spacing-10 u-text-white u-carousel-control-2\" href=\"#carousel-6b6a\" role=\"button\" data-u-slide=\"next\">\n            <span aria-hidden=\"true\">\n              <svg viewBox=\"0 0 477.175 477.175\"><path d=\"M360.731,229.075l-225.1-225.1c-5.3-5.3-13.8-5.3-19.1,0s-5.3,13.8,0,19.1l215.5,215.5l-215.5,215.5\n                    c-5.3,5.3-5.3,13.8,0,19.1c2.6,2.6,6.1,4,9.5,4c3.4,0,6.9-1.3,9.5-4l225.1-225.1C365.931,242.875,365.931,234.275,360.731,229.075z\"><\/path><\/svg>\n            <\/span>\n            <span class=\"sr-only\">Next<\/span>\n          <\/a>\n        <\/div>\n      <\/div>\n    <\/section>\n    \n    \n    \n  \n","protected":false},"excerpt":{"rendered":"<p>Plus qu&rsquo;une \u00e9cole&nbsp;&#8230; L&rsquo;\u00e9cole de voile est un lieu de rassemblement o\u00f9 plusieurs g\u00e9n\u00e9rations de navigateurs&nbsp; ont appris et grandis autour d&rsquo;une m\u00eame passion. Il y r\u00e8gne une atmosph\u00e8re de bonne humeur et de respect propice au partage des conaissances. \u00c0 propos L&rsquo;\u00e9cole de voile Gilles T\u00e9treault a \u00e9t\u00e9 fond\u00e9e par Gilles T\u00e9treault, en 1981. &hellip; <a href=\"https:\/\/voiletetreault.ca\/index.php\/a-propos\/\" class=\"more-link\">Continue reading<span class=\"screen-reader-text\"> \u00ab\u00a0\u00c0 propos\u00a0\u00bb<\/span><\/a><\/p>\n","protected":false},"author":1,"featured_media":0,"parent":0,"menu_order":2,"comment_status":"closed","ping_status":"closed","template":"","meta":{"footnotes":""},"class_list":["post-262","page","type-page","status-publish","hentry"],"_links":{"self":[{"href":"https:\/\/voiletetreault.ca\/index.php\/wp-json\/wp\/v2\/pages\/262","targetHints":{"allow":["GET"]}}],"collection":[{"href":"https:\/\/voiletetreault.ca\/index.php\/wp-json\/wp\/v2\/pages"}],"about":[{"href":"https:\/\/voiletetreault.ca\/index.php\/wp-json\/wp\/v2\/types\/page"}],"author":[{"embeddable":true,"href":"https:\/\/voiletetreault.ca\/index.php\/wp-json\/wp\/v2\/users\/1"}],"replies":[{"embeddable":true,"href":"https:\/\/voiletetreault.ca\/index.php\/wp-json\/wp\/v2\/comments?post=262"}],"version-history":[{"count":2,"href":"https:\/\/voiletetreault.ca\/index.php\/wp-json\/wp\/v2\/pages\/262\/revisions"}],"predecessor-version":[{"id":343,"href":"https:\/\/voiletetreault.ca\/index.php\/wp-json\/wp\/v2\/pages\/262\/revisions\/343"}],"wp:attachment":[{"href":"https:\/\/voiletetreault.ca\/index.php\/wp-json\/wp\/v2\/media?parent=262"}],"curies":[{"name":"wp","href":"https:\/\/api.w.org\/{rel}","templated":true}]}}